{"id":170,"date":"2022-03-31T20:50:11","date_gmt":"2022-03-31T19:50:11","guid":{"rendered":"http:\/\/localhost\/muzadei\/?page_id=170"},"modified":"2022-04-08T00:15:50","modified_gmt":"2022-04-07T22:15:50","slug":"nowa-strona","status":"publish","type":"page","link":"https:\/\/proba123.muzadei.pl\/","title":{"rendered":"Co robimy?"},"content":{"rendered":"<p>[et_pb_section fb_built=&#8221;1&#8243; theme_builder_area=&#8221;post_content&#8221; _builder_version=&#8221;4.15.1&#8243; _module_preset=&#8221;default&#8221;][\/et_pb_section]<\/p>\n","protected":false},"excerpt":{"rendered":"","protected":false},"author":1,"featured_media":0,"parent":0,"menu_order":0,"comment_status":"closed","ping_status":"closed","template":"","meta":{"_et_pb_use_builder":"on","_et_pb_old_content":"<!-- wp:heading {\"level\":1} -->\n<h1>Adam Mickiewicz<\/h1>\n<!-- \/wp:heading -->\n\n<!-- wp:heading {\"level\":1} -->\n<h1>Reduta Ordona<\/h1>\n<!-- \/wp:heading -->\n\n<!-- wp:heading {\"level\":1} -->\n<h1>Opowiadanie adiutanta<\/h1>\n<!-- \/wp:heading -->\n\n<!-- wp:group -->\n<div class=\"wp-block-group\"><!-- wp:group -->\n<div class=\"wp-block-group\"><!-- wp:paragraph -->\n<p>Nam strzela\u0107 nie kazano. \u2014 Wst\u0105pi\u0142em\u00a0na dzia\u0142o<\/p>\n<!-- \/wp:paragraph -->\n\n<!-- wp:paragraph -->\n<p>I spojrza\u0142em na pole; dwie\u015bcie armat grzmia\u0142o.<\/p>\n<!-- \/wp:paragraph -->\n\n<!-- wp:paragraph -->\n<p>Artyleryji ruski\u00e9j ci\u0105gn\u0105 si\u0119 szeregi,<\/p>\n<!-- \/wp:paragraph -->\n\n<!-- wp:paragraph -->\n<p>Prosto, d\u0142ugo, daleko, jako morza brzegi;<\/p>\n<!-- \/wp:paragraph -->\n\n<!-- wp:paragraph -->\n<p>I widzia\u0142em ich wodza; \u2014 przybieg\u0142, mieczem skin\u0105\u0142<\/p>\n<!-- \/wp:paragraph -->\n\n<!-- wp:paragraph -->\n<p>I jak ptak jedno skrzyd\u0142o wojska swego zwin\u0105\u0142.<\/p>\n<!-- \/wp:paragraph -->\n\n<!-- wp:paragraph -->\n<p>Wylewa si\u0119 spod skrzyd\u0142a \u015bci\u015bniona piechota<\/p>\n<!-- \/wp:paragraph -->\n\n<!-- wp:paragraph -->\n<p>D\u0142ug\u0105, czarn\u0105 kolumn\u0105, jako lawa b\u0142ota,<\/p>\n<!-- \/wp:paragraph -->\n\n<!-- wp:paragraph -->\n<p>Nasypana iskrami bagnet\u00f3w. Jak s\u0119py,<\/p>\n<!-- \/wp:paragraph -->\n\n<!-- wp:paragraph -->\n<p>Czarne chor\u0105gwie na \u015bmier\u0107 prowadz\u0105 zast\u0119py.<\/p>\n<!-- \/wp:paragraph --><\/div>\n<!-- \/wp:group --><\/div>\n<!-- \/wp:group -->\n\n<!-- wp:group -->\n<div class=\"wp-block-group\"><!-- wp:paragraph -->\n<p>Przeciw nim sterczy bia\u0142a, w\u0105ska, zaostrzona,<\/p>\n<!-- \/wp:paragraph -->\n\n<!-- wp:paragraph -->\n<p>Jak g\u0142az, bodz\u0105cy morze, reduta\u00a0Ordona.<\/p>\n<!-- \/wp:paragraph -->\n\n<!-- wp:paragraph -->\n<p>Sze\u015b\u0107 tylko mia\u0142a harmat. Wci\u0105\u017c dymi\u0105 i \u015bwiec\u0105;<\/p>\n<!-- \/wp:paragraph -->\n\n<!-- wp:paragraph -->\n<p>I nie tyle pr\u0119dkich s\u0142\u00f3w gniewne usta miec\u0105,<\/p>\n<!-- \/wp:paragraph -->\n\n<!-- wp:paragraph -->\n<p>Nie tyle przejdzie uczu\u0107 przez dusz\u0119 w rozpaczy,<\/p>\n<!-- \/wp:paragraph -->\n\n<!-- wp:paragraph -->\n<p>Ile z tych dzia\u0142 lecia\u0142o bomb, kul i kartaczy.<\/p>\n<!-- \/wp:paragraph -->\n\n<!-- wp:paragraph -->\n<p>Patrz, tam granat w sam \u015brodek kolumny si\u0119 nurza,<\/p>\n<!-- \/wp:paragraph -->\n\n<!-- wp:paragraph -->\n<p>Jak w fale bry\u0142a lawy, pu\u0142k dymem zachmurza;<\/p>\n<!-- \/wp:paragraph -->\n\n<!-- wp:paragraph -->\n<p>P\u0119ka \u015br\u00f3d dymu granat, szyk pod niebo leci<\/p>\n<!-- \/wp:paragraph -->\n\n<!-- wp:paragraph -->\n<p>I ogromna \u0142ysina \u015br\u00f3d kolumny \u015bwieci.<\/p>\n<!-- \/wp:paragraph --><\/div>\n<!-- \/wp:group -->\n\n<!-- wp:group -->\n<div class=\"wp-block-group\"><!-- wp:paragraph -->\n<p>Tam kula, lec\u0105c, z dala grozi, szumi, wyje,<\/p>\n<!-- \/wp:paragraph -->\n\n<!-- wp:paragraph -->\n<p>Ryczy, jak byk przed bitw\u0105, miota si\u0119, grunt ryje;<\/p>\n<!-- \/wp:paragraph -->\n\n<!-- wp:paragraph -->\n<p>\u2014Ju\u017c dopad\u0142a; jak boa \u015br\u00f3d kolumn si\u0119 zwija,<\/p>\n<!-- \/wp:paragraph -->\n\n<!-- wp:paragraph -->\n<p>Pali piersi\u0105, rwie z\u0119bem, oddechem zabija.<\/p>\n<!-- \/wp:paragraph -->\n\n<!-- wp:paragraph -->\n<p>Najstraszniejsz\u00e9j nie wida\u0107, lecz s\u0142ycha\u0107 po d\u017awi\u0119ku,<\/p>\n<!-- \/wp:paragraph -->\n\n<!-- wp:paragraph -->\n<p>Po waleniu si\u0119 trup\u00f3w, po ranionych j\u0119ku:<\/p>\n<!-- \/wp:paragraph -->\n\n<!-- wp:paragraph -->\n<p>Gdy kolumn\u0119 od ko\u0144ca do ko\u0144ca przewierci,<\/p>\n<!-- \/wp:paragraph -->\n\n<!-- wp:paragraph -->\n<p>Jak gdyby \u015brodkiem wojska przeszed\u0142 anio\u0142 \u015bmierci.<\/p>\n<!-- \/wp:paragraph --><\/div>\n<!-- \/wp:group -->\n\n<!-- wp:group -->\n<div class=\"wp-block-group\"><!-- wp:paragraph -->\n<p>Gdzie\u017c jest kr\u00f3l, co na rzezie t\u0142umy te wyprawia?<\/p>\n<!-- \/wp:paragraph -->\n\n<!-- wp:paragraph -->\n<p>Czy dzieli ich odwag\u0119, czy pier\u015b sam nadstawia?<\/p>\n<!-- \/wp:paragraph -->\n\n<!-- wp:paragraph -->\n<p>Nie, on siedzi o pi\u0119\u0107set mil na sw\u00e9j stolicy,<\/p>\n<!-- \/wp:paragraph -->\n\n<!-- wp:paragraph -->\n<p>Kr\u00f3l wielki, samow\u0142adnik \u015bwiata po\u0142owicy.<\/p>\n<!-- \/wp:paragraph -->\n\n<!-- wp:paragraph -->\n<p>Zmarszczy\u0142 brwi, \u2014 i tysi\u0105ce kibitek\u00a0wnet leci;<\/p>\n<!-- \/wp:paragraph -->\n\n<!-- wp:paragraph -->\n<p>Podpisa\u0142, \u2014 tysi\u0105c matek op\u0142akuje dzieci;<\/p>\n<!-- \/wp:paragraph -->\n\n<!-- wp:paragraph -->\n<p>Skin\u0105\u0142, \u2014 padaj\u0105 knuty\u00a0od Niemna do Chiwy.<\/p>\n<!-- \/wp:paragraph -->\n\n<!-- wp:paragraph -->\n<p>Mocarzu, jak B\u00f3g silny, jak szatan z\u0142o\u015bliwy!\u00a0<\/p>\n<!-- \/wp:paragraph -->\n\n<!-- wp:paragraph -->\n<p>Gdy Turk\u00f3w za Ba\u0142kanem\u00a0twoje strasz\u0105 spi\u017ce,<\/p>\n<!-- \/wp:paragraph -->\n\n<!-- wp:paragraph -->\n<p>Gdy poselstwo paryskie twoje stopy li\u017ce:<\/p>\n<!-- \/wp:paragraph -->\n\n<!-- wp:paragraph -->\n<p>Warszawa<a rel=\"noreferrer noopener\" href=\"https:\/\/pl.wikipedia.org\/wiki\/Warszawa\" target=\"_blank\"><\/a>\u00a0jedna twoj\u00e9j mocy si\u0119 ur\u0105ga,<\/p>\n<!-- \/wp:paragraph -->\n\n<!-- wp:paragraph -->\n<p>Podnosi na ci\u0119 r\u0119k\u0119 i koron\u0119 \u015bci\u0105ga,<\/p>\n<!-- \/wp:paragraph -->\n\n<!-- wp:paragraph -->\n<p>Koron\u0119 Kazimierz\u00f3w, Chrobrych z twoj\u00e9j g\u0142owy,<\/p>\n<!-- \/wp:paragraph -->\n\n<!-- wp:paragraph -->\n<p>Bo\u015b j\u0105 ukrad\u0142 i skrwawi\u0142, synu Wasilowy!<\/p>\n<!-- \/wp:paragraph --><\/div>\n<!-- \/wp:group -->\n\n<!-- wp:group -->\n<div class=\"wp-block-group\"><!-- wp:paragraph -->\n<p>Car dziwi si\u0119 \u2014 ze strachu dr\u017c\u0105 Petersburczany,<\/p>\n<!-- \/wp:paragraph -->\n\n<!-- wp:paragraph -->\n<p>Car gniewa si\u0119 \u2014 ze strachu mr\u0105 jego dworzany;<\/p>\n<!-- \/wp:paragraph -->\n\n<!-- wp:paragraph -->\n<p>Ale sypi\u0105 si\u0119 wojska, kt\u00f3rych B\u00f3g i wiara<\/p>\n<!-- \/wp:paragraph -->\n\n<!-- wp:paragraph -->\n<p>Jest car. \u2014 Car gniewny: umrzem, rozweselim cara!<\/p>\n<!-- \/wp:paragraph -->\n\n<!-- wp:paragraph -->\n<p>Pos\u0142any w\u00f3dz kaukaski\u00a0z si\u0142ami p\u00f3\u0142-\u015bwiata,<\/p>\n<!-- \/wp:paragraph -->\n\n<!-- wp:paragraph -->\n<p>Wierny, czynny i sprawny \u2014 jak knut w r\u0119ku kata.<\/p>\n<!-- \/wp:paragraph --><\/div>\n<!-- \/wp:group -->\n\n<!-- wp:group -->\n<div class=\"wp-block-group\"><!-- wp:paragraph -->\n<p>Ura, ura! Patrz, blisko reduty, ju\u017c w rowy<\/p>\n<!-- \/wp:paragraph -->\n\n<!-- wp:paragraph -->\n<p>Wal\u0105 si\u0119, na faszyn\u0119\u00a0k\u0142ad\u0105c swe tu\u0142owy;<\/p>\n<!-- \/wp:paragraph -->\n\n<!-- wp:paragraph -->\n<p>Ju\u017c czerni\u0105 si\u0119 na bia\u0142ych palisadach wa\u0142\u00f3w.<\/p>\n<!-- \/wp:paragraph -->\n\n<!-- wp:paragraph -->\n<p>Jeszcze reduta w \u015brodku, jasna od wystrza\u0142\u00f3w,<\/p>\n<!-- \/wp:paragraph -->\n\n<!-- wp:paragraph -->\n<p>Czerwieni si\u0119 nad czerni\u0105: jak w \u015brodek mrowiska<\/p>\n<!-- \/wp:paragraph -->\n\n<!-- wp:paragraph -->\n<p>Wrzucony motyl b\u0142yska, \u2014 mrowie go naciska, \u2014<\/p>\n<!-- \/wp:paragraph -->\n\n<!-- wp:paragraph -->\n<p>Zgas\u0142;\u00a0\u2014 tak zgas\u0142a reduta. Czy\u017c ostatnie dzia\u0142o,<\/p>\n<!-- \/wp:paragraph -->\n\n<!-- wp:paragraph -->\n<p>Str\u0105cone z \u0142o\u017ca, w piasku paszcz\u0119 zagrzeba\u0142o?<\/p>\n<!-- \/wp:paragraph -->\n\n<!-- wp:paragraph -->\n<p>Czy zapa\u0142\u00a0krwi\u0105 ostatni bombardyjer\u00a0zala\u0142?<\/p>\n<!-- \/wp:paragraph -->\n\n<!-- wp:paragraph -->\n<p>Zgasn\u0105\u0142 ogie\u0144. \u2014 Ju\u017c Moskal rogatki\u00a0wywala\u0142.<\/p>\n<!-- \/wp:paragraph --><\/div>\n<!-- \/wp:group -->\n\n<!-- wp:group -->\n<div class=\"wp-block-group\"><!-- wp:paragraph -->\n<p>Gdzie\u017c r\u0119czna bro\u0144? \u2014 Ach, dzisiaj pracowa\u0142a wi\u0119c\u00e9j,<\/p>\n<!-- \/wp:paragraph -->\n\n<!-- wp:paragraph -->\n<p>Ni\u017c na wszystkich przegl\u0105dach za w\u0142adzy ksi\u0105\u017c\u0119c\u00e9j!<\/p>\n<!-- \/wp:paragraph -->\n\n<!-- wp:paragraph -->\n<p>Zgad\u0142em, dlaczego milczy, \u2014 bo nieraz widzia\u0142em<\/p>\n<!-- \/wp:paragraph -->\n\n<!-- wp:paragraph -->\n<p>Garstk\u0119 naszych walcz\u0105c\u0105 z Moskali nawa\u0142em.<\/p>\n<!-- \/wp:paragraph -->\n\n<!-- wp:paragraph -->\n<p>Gdy godzin\u0119 wo\u0142ano dwa s\u0142owa: pal, nabij;<\/p>\n<!-- \/wp:paragraph -->\n\n<!-- wp:paragraph -->\n<p>Gdy oddechy dym t\u0142umi, trud ramiona s\u0142abi;<\/p>\n<!-- \/wp:paragraph -->\n\n<!-- wp:paragraph -->\n<p>A wci\u0105\u017c grzmi rozkaz wodz\u00f3w, wre \u017co\u0142nierza czynno\u015b\u0107;<\/p>\n<!-- \/wp:paragraph -->\n\n<!-- wp:paragraph -->\n<p>Na koniec bez rozkazu pe\u0142ni\u0105 sw\u0105 powinno\u015b\u0107,<\/p>\n<!-- \/wp:paragraph -->\n\n<!-- wp:paragraph -->\n<p>Na koniec bez rozwagi, bez czucia, pami\u0119ci,<\/p>\n<!-- \/wp:paragraph -->\n\n<!-- wp:paragraph -->\n<p>\u017bo\u0142nierz, jako m\u0142yn palny, nabija \u2014 grzmi \u2014 kr\u0119ci<\/p>\n<!-- \/wp:paragraph -->\n\n<!-- wp:paragraph -->\n<p>Bro\u0144 od oka do nogi, od nogi na oko:<\/p>\n<!-- \/wp:paragraph -->\n\n<!-- wp:paragraph -->\n<p>A\u017c r\u0119ka w \u0142adownicy d\u0142ugo i g\u0142\u0119boko<\/p>\n<!-- \/wp:paragraph -->\n\n<!-- wp:paragraph -->\n<p>Szuka\u0142a, nie znalaz\u0142a \u2014 i \u017co\u0142nierz pobladn\u0105\u0142,<\/p>\n<!-- \/wp:paragraph -->\n\n<!-- wp:paragraph -->\n<p>Nie znalaz\u0142szy \u0142adunku, ju\u017c broni\u0105 nie w\u0142adn\u0105\u0142;<\/p>\n<!-- \/wp:paragraph -->\n\n<!-- wp:paragraph -->\n<p>I uczu\u0142, \u017ce go pali strzelba rozogniona;<\/p>\n<!-- \/wp:paragraph -->\n\n<!-- wp:paragraph -->\n<p>Upu\u015bci\u0142 j\u0105 i upad\u0142; nim dobij\u0105, skona!\u2026\u00a0<\/p>\n<!-- \/wp:paragraph -->\n\n<!-- wp:paragraph -->\n<p>Takem my\u015bli\u0142, \u2014\u00a0a w szaniec nieprzyjaci\u00f3\u0142 kupa<\/p>\n<!-- \/wp:paragraph -->\n\n<!-- wp:paragraph -->\n<p>Ju\u017c laz\u0142a, jak robactwo na \u015bwie\u017cego trupa.<\/p>\n<!-- \/wp:paragraph --><\/div>\n<!-- \/wp:group -->\n\n<!-- wp:group -->\n<div class=\"wp-block-group\"><!-- wp:paragraph -->\n<p>Pociemnia\u0142o mi w oczach; a gdym \u0142zy ociera\u0142,<\/p>\n<!-- \/wp:paragraph -->\n\n<!-- wp:paragraph -->\n<p>S\u0142ysza\u0142em, \u017ce co\u015b do mnie m\u00f3wi\u0142 m\u00f3j jenera\u0142.<\/p>\n<!-- \/wp:paragraph -->\n\n<!-- wp:paragraph -->\n<p>On przez lunet\u0119, wspart\u0105 na moj\u00e9m ramieniu,<\/p>\n<!-- \/wp:paragraph -->\n\n<!-- wp:paragraph -->\n<p>D\u0142ugo na szturm i szaniec pogl\u0105da\u0142 w milczeniu.<\/p>\n<!-- \/wp:paragraph -->\n\n<!-- wp:paragraph -->\n<p>Na koniec rzek\u0142: \u201eStracona\u201d. \u2014 Spod lunety jego<\/p>\n<!-- \/wp:paragraph -->\n\n<!-- wp:paragraph -->\n<p>Wymkn\u0119\u0142o si\u0119 \u0142ez kilka, \u2014 rzek\u0142 do mnie: \u201eKolego,<\/p>\n<!-- \/wp:paragraph -->\n\n<!-- wp:paragraph -->\n<p>Wzrok m\u0142ody od szkie\u0142 lepszy; patrzaj, tam na wale,<\/p>\n<!-- \/wp:paragraph -->\n\n<!-- wp:paragraph -->\n<p>Znasz Ordona, czy widzisz, gdzie jest?\u201d \u2014 \u201eJenerale,<\/p>\n<!-- \/wp:paragraph -->\n\n<!-- wp:paragraph -->\n<p>Czy go znam? \u2014 Tam sta\u0142 zawsze, to dzia\u0142o kierowa\u0142.<\/p>\n<!-- \/wp:paragraph -->\n\n<!-- wp:paragraph -->\n<p>Nie widz\u0119 \u2014 znajd\u0119 \u2014 dojrz\u0119 \u2014 \u015br\u00f3d dymu si\u0119 schowa\u0142:<\/p>\n<!-- \/wp:paragraph -->\n\n<!-- wp:paragraph -->\n<p>Lecz \u015br\u00f3d\u00a0najg\u0119stszych k\u0142\u0119b\u00f3w dymu, ile\u017c razy<\/p>\n<!-- \/wp:paragraph -->\n\n<!-- wp:paragraph -->\n<p>Widzia\u0142em r\u0119k\u0119 jego, daj\u0105c\u0105 rozkazy. \u2014<\/p>\n<!-- \/wp:paragraph -->\n\n<!-- wp:paragraph -->\n<p>Widz\u0119 go znowu \u2014 widz\u0119 r\u0119k\u0119 \u2014 b\u0142yskawic\u0119,<\/p>\n<!-- \/wp:paragraph -->\n\n<!-- wp:paragraph -->\n<p>Wywija, grozi wrogom, trzyma paln\u0105 \u015bwi\u00e9c\u0119,<\/p>\n<!-- \/wp:paragraph -->\n\n<!-- wp:paragraph -->\n<p>Bior\u0105 go \u2014 zgin\u0105\u0142. \u2014 O, nie \u2014 skoczy\u0142 w d\u00f3\u0142, do loch\u00f3w!\u201d \u2014<\/p>\n<!-- \/wp:paragraph -->\n\n<!-- wp:paragraph -->\n<p>\u201eDobrze \u2014 rzecze jenera\u0142, \u2014 nie odda im proch\u00f3w\u201d.<\/p>\n<!-- \/wp:paragraph --><\/div>\n<!-- \/wp:group -->\n\n<!-- wp:group -->\n<div class=\"wp-block-group\"><!-- wp:paragraph -->\n<p>Tu blask, \u2014 dym, \u2014 chwila cicho \u2014 i huk jak stu grom\u00f3w!<\/p>\n<!-- \/wp:paragraph -->\n\n<!-- wp:paragraph -->\n<p>Za\u0107mi\u0142o si\u0119 powietrze od ziemi wy\u0142om\u00f3w:<\/p>\n<!-- \/wp:paragraph -->\n\n<!-- wp:paragraph -->\n<p>Harmaty\u00a0podskoczy\u0142y i jak wystrzelone<\/p>\n<!-- \/wp:paragraph -->\n\n<!-- wp:paragraph -->\n<p>Toczy\u0142y si\u0119 na ko\u0142ach; lonty zapalone<\/p>\n<!-- \/wp:paragraph -->\n\n<!-- wp:paragraph -->\n<p>Nie trafi\u0142y do swoich panew. I dym wion\u0105\u0142<\/p>\n<!-- \/wp:paragraph -->\n\n<!-- wp:paragraph -->\n<p>Prosto ku nam; i w g\u0119st\u00e9j chmurze nas och\u0142on\u0105\u0142.<\/p>\n<!-- \/wp:paragraph -->\n\n<!-- wp:paragraph -->\n<p>I nie by\u0142o nic wida\u0107, pr\u00f3cz granat\u00f3w blasku,<\/p>\n<!-- \/wp:paragraph -->\n\n<!-- wp:paragraph -->\n<p>I powoli dym rzednia\u0142, opada\u0142 deszcz piasku.<\/p>\n<!-- \/wp:paragraph -->\n\n<!-- wp:paragraph -->\n<p>Spojrza\u0142em na redut\u0119. \u2014 Wa\u0142y, palisady,<\/p>\n<!-- \/wp:paragraph -->\n\n<!-- wp:paragraph -->\n<p>Dzia\u0142a i naszych garstka, i wrog\u00f3w gromady:<\/p>\n<!-- \/wp:paragraph -->\n\n<!-- wp:paragraph -->\n<p>Wszystko jako sen znik\u0142o! \u2014 Tylko czarna bry\u0142a<\/p>\n<!-- \/wp:paragraph -->\n\n<!-- wp:paragraph -->\n<p>Ziemi niekszta\u0142tn\u00e9j le\u017cy \u2014 rozjemcza mogi\u0142a.<\/p>\n<!-- \/wp:paragraph -->\n\n<!-- wp:paragraph -->\n<p>Tam i ci, co bronili, \u2014 i ci, co si\u0119 wdarli,<\/p>\n<!-- \/wp:paragraph -->\n\n<!-- wp:paragraph -->\n<p>Pierwszy raz pok\u00f3j szczery i wieczny zawarli;<\/p>\n<!-- \/wp:paragraph -->\n\n<!-- wp:paragraph -->\n<p>Cho\u0107by cesarz Moskalom kaza\u0142 wsta\u0107: ju\u017c dusza<\/p>\n<!-- \/wp:paragraph -->\n\n<!-- wp:paragraph -->\n<p>Moskiewska, tam raz pierwszy, cesarza nie s\u0142usza!<\/p>\n<!-- \/wp:paragraph -->\n\n<!-- wp:paragraph -->\n<p>Tam zagrzebane tylu set cia\u0142a, imiona:<\/p>\n<!-- \/wp:paragraph -->\n\n<!-- wp:paragraph -->\n<p>Dusze gdzie? Nie wiem;\u00a0lecz wiem, gdzie dusza Ordona.<\/p>\n<!-- \/wp:paragraph -->\n\n<!-- wp:paragraph -->\n<p>On b\u0119dzie Patron sza\u0144c\u00f3w! \u2014\u00a0Bo dzie\u0142o zniszczenia<\/p>\n<!-- \/wp:paragraph -->\n\n<!-- wp:paragraph -->\n<p>W dobr\u00e9j sprawie jest \u015bwi\u0119te, jak dzie\u0142o tworzenia:<\/p>\n<!-- \/wp:paragraph -->\n\n<!-- wp:paragraph -->\n<p>B\u00f3g wyrzek\u0142 s\u0142owo\u00a0<em>sta\u0144 si\u0119<\/em>, B\u00f3g i\u00a0<em>zgi\u0144<\/em>\u00a0wyrzecze!<\/p>\n<!-- \/wp:paragraph -->\n\n<!-- wp:paragraph -->\n<p>Kiedy od ludzi wiara i wolno\u015b\u0107 uciecze,<\/p>\n<!-- \/wp:paragraph -->\n\n<!-- wp:paragraph -->\n<p>Kiedy ziemi\u0119 despotyzm i duma szalona<\/p>\n<!-- \/wp:paragraph -->\n\n<!-- wp:paragraph -->\n<p>Oblej\u0105, jak Moskale redut\u0119 Ordona:<\/p>\n<!-- \/wp:paragraph -->\n\n<!-- wp:paragraph -->\n<p>Karz\u0105c plemie\u00a0zwyci\u0119zc\u00f3w zbrodniami zatrute,<\/p>\n<!-- \/wp:paragraph -->\n\n<!-- wp:paragraph -->\n<p>B\u00f3g wysadzi t\u0119 ziemi\u0119, jak on sw\u0105 redut\u0119.<\/p>\n<!-- \/wp:paragraph --><\/div>\n<!-- \/wp:group -->","_et_gb_content_width":"","footnotes":""},"class_list":["post-170","page","type-page","status-publish","hentry"],"_links":{"self":[{"href":"https:\/\/proba123.muzadei.pl\/index.php\/wp-json\/wp\/v2\/pages\/170","targetHints":{"allow":["GET"]}}],"collection":[{"href":"https:\/\/proba123.muzadei.pl\/index.php\/wp-json\/wp\/v2\/pages"}],"about":[{"href":"https:\/\/proba123.muzadei.pl\/index.php\/wp-json\/wp\/v2\/types\/page"}],"author":[{"embeddable":true,"href":"https:\/\/proba123.muzadei.pl\/index.php\/wp-json\/wp\/v2\/users\/1"}],"replies":[{"embeddable":true,"href":"https:\/\/proba123.muzadei.pl\/index.php\/wp-json\/wp\/v2\/comments?post=170"}],"version-history":[{"count":6,"href":"https:\/\/proba123.muzadei.pl\/index.php\/wp-json\/wp\/v2\/pages\/170\/revisions"}],"predecessor-version":[{"id":514,"href":"https:\/\/proba123.muzadei.pl\/index.php\/wp-json\/wp\/v2\/pages\/170\/revisions\/514"}],"wp:attachment":[{"href":"https:\/\/proba123.muzadei.pl\/index.php\/wp-json\/wp\/v2\/media?parent=170"}],"curies":[{"name":"wp","href":"https:\/\/api.w.org\/{rel}","templated":true}]}}